{"id":6284,"date":"2025-04-15T14:13:58","date_gmt":"2025-04-15T14:13:58","guid":{"rendered":"https:\/\/www.tacwrk.com\/blog\/?page_id=6284"},"modified":"2025-05-13T13:36:28","modified_gmt":"2025-05-13T13:36:28","slug":"repair-care","status":"publish","type":"page","link":"https:\/\/www.tacwrk.com\/blog\/repair-care","title":{"rendered":"TACWRK Repair &#038; Care"},"content":{"rendered":"<h2 id=\"mcetoc_1ipts5msv0\">Gear tells your story.<\/h2>\n<p>So sehr wir selbst die neusten Gimmicks und Gear Picks lieben: Gute Typen erkennt man nicht am Neuesten vom Neuesten, sondern daran, wie achtsam sie mit ihrem Loadout umgehen. Was lange h\u00e4lt, will gepflegt sein; was viel erlebt hat, verdient Aufmerksamkeit. Unsere neue <a href=\"https:\/\/www.tacwrk.com\/ausruestung\/tacwrk-collections\/repair-und-care\" target=\"_blank\" rel=\"noopener\"><strong>Repair &amp; Care<\/strong><\/a> Sektion ist deshalb auch ein Thema, das wir mit \u00dcberzeugung ins Leben gerufen haben. Weil wir finden: <strong>Einmal gute Qualit\u00e4t kaufen \u2013 und sie dann richtig pflegen \u2013 hat mehr Charakter als das endlose Ersetzen gesichtsloser Neuware.<\/strong> Gute Gear altert. Und genau das macht sie besser. Unsere verschiedenen <a href=\"https:\/\/www.tacwrk.com\/ausruestung\/tacwrk-collections\/repair-und-care\" target=\"_blank\" rel=\"noopener\"><strong>Repair &amp; Care Artikel <\/strong><\/a> zeigen Dir, wie Du Deine Ausr\u00fcstung richtig pflegst, reparierst und am Leben h\u00e4ltst. Alles, was Du daf\u00fcr wissen musst, findest Du in den <strong>folgenden Beitr\u00e4gen.<\/strong><\/p>\n<p>&nbsp;<\/p>\n<style>.wp-show-posts-columns#wpsp-6362 {margin-left: -2em; }.wp-show-posts-columns#wpsp-6362 .wp-show-posts-inner {margin: 0 0 2em 2em; }<\/style><section id=\"wpsp-6362\" class=\" wp-show-posts-columns wp-show-posts\" style=\"\"><article class=\" wp-show-posts-single post-6558 post type-post status-publish format-standard has-post-thumbnail hentry category-repair-care tag-daunenjacke-waschen tag-funktionskleidung-waschen tag-gore-tex-reinigen tag-impraegnierung tag-outdoorwaesche tag-textilpflege tag-trockner-geeignet tag-waschanleitung tag-waschpflege wpsp-col-6\" itemtype=\"http:\/\/schema.org\/CreativeWork\" itemscope><div class=\"wp-show-posts-inner\" style=\"\">\t\t<div class=\"wp-show-posts-image  wpsp-image-center \">\n\t\t\t<a href=\"https:\/\/www.tacwrk.com\/blog\/funktionskleidung-richtig-waschen\/2025\/04\"  title=\"Spickzettel: Was darf in die Waschmaschine &#038; den Trockner \u2013 und was nicht?\"><img decoding=\"async\" src=\"https:\/\/www.tacwrk.com\/blog\/wp-content\/uploads\/2025\/04\/repair_and_care_waschmaschine-1.jpg\" class=\"attachment-full size-full wp-post-image\" alt=\"Repair &amp; Care - Was darf in die Waschmaschine &amp; den Trockner\" itemprop=\"image\" srcset=\"https:\/\/www.tacwrk.com\/blog\/wp-content\/uploads\/2025\/04\/repair_and_care_waschmaschine-1.jpg 1485w, https:\/\/www.tacwrk.com\/blog\/wp-content\/uploads\/2025\/04\/repair_and_care_waschmaschine-1-300x162.jpg 300w, https:\/\/www.tacwrk.com\/blog\/wp-content\/uploads\/2025\/04\/repair_and_care_waschmaschine-1-1024x552.jpg 1024w, https:\/\/www.tacwrk.com\/blog\/wp-content\/uploads\/2025\/04\/repair_and_care_waschmaschine-1-768x414.jpg 768w, https:\/\/www.tacwrk.com\/blog\/wp-content\/uploads\/2025\/04\/repair_and_care_waschmaschine-1-50x27.jpg 50w, https:\/\/www.tacwrk.com\/blog\/wp-content\/uploads\/2025\/04\/repair_and_care_waschmaschine-1-680x366.jpg 680w\" sizes=\"(max-width: 1485px) 100vw, 1485px\" \/><\/a>\t\t<\/div>\n\t\t\t\t\t\t\t\t<header class=\"wp-show-posts-entry-header\">\n\t\t\t\t\t\t\t<h3 class=\"wp-show-posts-entry-title\" itemprop=\"headline\"><a href=\"https:\/\/www.tacwrk.com\/blog\/funktionskleidung-richtig-waschen\/2025\/04\" rel=\"bookmark\">Spickzettel: Was darf in die Waschmaschine &#038; den Trockner \u2013 und was nicht?<\/a><\/h3>\t\t\t\t\t\t<\/header><!-- .entry-header -->\n\t\t\t\t\t<\/div><!-- wp-show-posts-inner --><\/article><article class=\" wp-show-posts-single post-6544 post type-post status-publish format-standard has-post-thumbnail hentry category-repair-care tag-dwr-reaktivieren tag-funktionskleidung-reinigen tag-gore-tex-waschen tag-jacke-impraegnieren tag-jackenpflege tag-membranpflege tag-outdoorjacke-pflegen tag-regenjacke-impraegnieren tag-waschmittel-outdoor wpsp-col-6\" itemtype=\"http:\/\/schema.org\/CreativeWork\" itemscope><div class=\"wp-show-posts-inner\" style=\"\">\t\t<div class=\"wp-show-posts-image  wpsp-image-center \">\n\t\t\t<a href=\"https:\/\/www.tacwrk.com\/blog\/jacke-richtig-impraegnieren\/2025\/04\"  title=\"So pflegst Du Deine Gore-Tex-Jacke richtig\"><img decoding=\"async\" src=\"https:\/\/www.tacwrk.com\/blog\/wp-content\/uploads\/2025\/04\/repair_and_care_impraegnierung_jacke_goretex.jpg\" class=\"attachment-full size-full wp-post-image\" alt=\"Repair &amp; Care - So pflegst Du Deine Gore-Tex-Jacke richtig\" itemprop=\"image\" srcset=\"https:\/\/www.tacwrk.com\/blog\/wp-content\/uploads\/2025\/04\/repair_and_care_impraegnierung_jacke_goretex.jpg 1485w, https:\/\/www.tacwrk.com\/blog\/wp-content\/uploads\/2025\/04\/repair_and_care_impraegnierung_jacke_goretex-300x162.jpg 300w, https:\/\/www.tacwrk.com\/blog\/wp-content\/uploads\/2025\/04\/repair_and_care_impraegnierung_jacke_goretex-1024x552.jpg 1024w, https:\/\/www.tacwrk.com\/blog\/wp-content\/uploads\/2025\/04\/repair_and_care_impraegnierung_jacke_goretex-768x414.jpg 768w, https:\/\/www.tacwrk.com\/blog\/wp-content\/uploads\/2025\/04\/repair_and_care_impraegnierung_jacke_goretex-50x27.jpg 50w, https:\/\/www.tacwrk.com\/blog\/wp-content\/uploads\/2025\/04\/repair_and_care_impraegnierung_jacke_goretex-680x366.jpg 680w\" sizes=\"(max-width: 1485px) 100vw, 1485px\" \/><\/a>\t\t<\/div>\n\t\t\t\t\t\t\t\t<header class=\"wp-show-posts-entry-header\">\n\t\t\t\t\t\t\t<h3 class=\"wp-show-posts-entry-title\" itemprop=\"headline\"><a href=\"https:\/\/www.tacwrk.com\/blog\/jacke-richtig-impraegnieren\/2025\/04\" rel=\"bookmark\">So pflegst Du Deine Gore-Tex-Jacke richtig<\/a><\/h3>\t\t\t\t\t\t<\/header><!-- .entry-header -->\n\t\t\t\t\t<\/div><!-- wp-show-posts-inner --><\/article><article class=\" wp-show-posts-single post-6512 post type-post status-publish format-standard has-post-thumbnail hentry category-repair-care tag-gear-aid tag-gore-tex tag-gore-tex-reinigen tag-nasse-schuhe tag-outdoor-ausruestung tag-schuhe-impraegnieren tag-schuhpflege-outdoor tag-wanderschuhe-pflegen tag-wasserdichte-schuhe wpsp-col-6\" itemtype=\"http:\/\/schema.org\/CreativeWork\" itemscope><div class=\"wp-show-posts-inner\" style=\"\">\t\t<div class=\"wp-show-posts-image  wpsp-image-center \">\n\t\t\t<a href=\"https:\/\/www.tacwrk.com\/blog\/gore-tex-schuhe-impraegnieren\/2025\/04\"  title=\"Was tun, wenn Deine Schuhe undicht sind?\"><img decoding=\"async\" src=\"https:\/\/www.tacwrk.com\/blog\/wp-content\/uploads\/2025\/04\/repair_and_care_impraegnierung_schuhe.jpg\" class=\"attachment-full size-full wp-post-image\" alt=\"Repair &amp; Care - Was tun, wenn Deine Schuhe undicht sind?\" itemprop=\"image\" srcset=\"https:\/\/www.tacwrk.com\/blog\/wp-content\/uploads\/2025\/04\/repair_and_care_impraegnierung_schuhe.jpg 1485w, https:\/\/www.tacwrk.com\/blog\/wp-content\/uploads\/2025\/04\/repair_and_care_impraegnierung_schuhe-300x162.jpg 300w, https:\/\/www.tacwrk.com\/blog\/wp-content\/uploads\/2025\/04\/repair_and_care_impraegnierung_schuhe-1024x552.jpg 1024w, https:\/\/www.tacwrk.com\/blog\/wp-content\/uploads\/2025\/04\/repair_and_care_impraegnierung_schuhe-768x414.jpg 768w, https:\/\/www.tacwrk.com\/blog\/wp-content\/uploads\/2025\/04\/repair_and_care_impraegnierung_schuhe-50x27.jpg 50w, https:\/\/www.tacwrk.com\/blog\/wp-content\/uploads\/2025\/04\/repair_and_care_impraegnierung_schuhe-680x366.jpg 680w\" sizes=\"(max-width: 1485px) 100vw, 1485px\" \/><\/a>\t\t<\/div>\n\t\t\t\t\t\t\t\t<header class=\"wp-show-posts-entry-header\">\n\t\t\t\t\t\t\t<h3 class=\"wp-show-posts-entry-title\" itemprop=\"headline\"><a href=\"https:\/\/www.tacwrk.com\/blog\/gore-tex-schuhe-impraegnieren\/2025\/04\" rel=\"bookmark\">Was tun, wenn Deine Schuhe undicht sind?<\/a><\/h3>\t\t\t\t\t\t<\/header><!-- .entry-header -->\n\t\t\t\t\t<\/div><!-- wp-show-posts-inner --><\/article><article class=\" wp-show-posts-single post-6490 post type-post status-publish format-standard has-post-thumbnail hentry category-repair-care tag-baumwolljacke-impraegnieren tag-dwr-erneuern tag-gore-tex tag-gore-tex-pflege tag-greenland-wax tag-hardshelljacke-impraegnieren tag-impraegnierung tag-outdoorjacke-pflegen tag-softshelljacke-impraegnieren tag-wash-in-impraegnierung wpsp-col-6\" itemtype=\"http:\/\/schema.org\/CreativeWork\" itemscope><div class=\"wp-show-posts-inner\" style=\"\">\t\t<div class=\"wp-show-posts-image  wpsp-image-center \">\n\t\t\t<a href=\"https:\/\/www.tacwrk.com\/blog\/jacken-impraegnieren-anleitung\/2025\/04\"  title=\"So findest Du die richtige Impr\u00e4gnierung f\u00fcr Deine Jacke \u2013 Schritt f\u00fcr Schritt\"><img decoding=\"async\" src=\"https:\/\/www.tacwrk.com\/blog\/wp-content\/uploads\/2025\/04\/repair_and_care_impraegnierung_jacke.jpg\" class=\"attachment-full size-full wp-post-image\" alt=\"Repair &amp; Care - So findest Du die richtige Impr\u00e4gnierung f\u00fcr Deine Jacke \u2013 Schritt f\u00fcr Schritt\" itemprop=\"image\" srcset=\"https:\/\/www.tacwrk.com\/blog\/wp-content\/uploads\/2025\/04\/repair_and_care_impraegnierung_jacke.jpg 1485w, https:\/\/www.tacwrk.com\/blog\/wp-content\/uploads\/2025\/04\/repair_and_care_impraegnierung_jacke-300x162.jpg 300w, https:\/\/www.tacwrk.com\/blog\/wp-content\/uploads\/2025\/04\/repair_and_care_impraegnierung_jacke-1024x552.jpg 1024w, https:\/\/www.tacwrk.com\/blog\/wp-content\/uploads\/2025\/04\/repair_and_care_impraegnierung_jacke-768x414.jpg 768w, https:\/\/www.tacwrk.com\/blog\/wp-content\/uploads\/2025\/04\/repair_and_care_impraegnierung_jacke-50x27.jpg 50w, https:\/\/www.tacwrk.com\/blog\/wp-content\/uploads\/2025\/04\/repair_and_care_impraegnierung_jacke-680x366.jpg 680w\" sizes=\"(max-width: 1485px) 100vw, 1485px\" \/><\/a>\t\t<\/div>\n\t\t\t\t\t\t\t\t<header class=\"wp-show-posts-entry-header\">\n\t\t\t\t\t\t\t<h3 class=\"wp-show-posts-entry-title\" itemprop=\"headline\"><a href=\"https:\/\/www.tacwrk.com\/blog\/jacken-impraegnieren-anleitung\/2025\/04\" rel=\"bookmark\">So findest Du die richtige Impr\u00e4gnierung f\u00fcr Deine Jacke \u2013 Schritt f\u00fcr Schritt<\/a><\/h3>\t\t\t\t\t\t<\/header><!-- .entry-header -->\n\t\t\t\t\t<\/div><!-- wp-show-posts-inner --><\/article><div class=\"wpsp-clear\"><\/div><\/section><!-- .wp-show-posts -->\n<p>In unserer <a href=\"https:\/\/www.tacwrk.com\/ausruestung\/tacwrk-collections\/repair-und-care\" target=\"_blank\" rel=\"noopener\"><strong>Repair &amp; Care Kategorie<\/strong><\/a> haben wir alles zusammengetragen, was Dir hilft, Deine taktische Ausr\u00fcstung zu pflegen, Reparaturen selbst durchzuf\u00fchren und Dein Setup langfristig in Schuss zu halten. Das <a href=\"https:\/\/www.tacwrk.com\/suche?searchstring=TenaciousCare2025\" target=\"_blank\" rel=\"noopener\"><strong>Gear Aid Tenacious Tape<\/strong><\/a> etwa ist der Klassiker f\u00fcr schnelle Rissreparaturen an Jacken, Zelten oder Rucks\u00e4cken. F\u00fcr Schuhe gibt\u2019s das <a href=\"https:\/\/www.tacwrk.com\/p\/gear-aid-aquaseal-fd-repair-kit-025-oz-75092?p=\" target=\"_blank\" rel=\"noopener\"><strong>Aquaseal SR Repair Kit<\/strong><\/a>, mit dem sich Sohlen und Risse dauerhaft abdichten lassen. Wenn der Rei\u00dfverschluss streikt, hilft das <a href=\"https:\/\/www.tacwrk.com\/p\/gear-aid-gear-aid-zipper-repair-kit-10832?p=\" target=\"_blank\" rel=\"noopener\"><strong>Gear Aid Zipper Repair Kit<\/strong><\/a>, und wer das Schnellschn\u00fcrsystem seiner Einsatzstiefel ersetzen muss, greift zum <a href=\"https:\/\/www.tacwrk.com\/suche?searchstring=Quicklace2025\" target=\"_blank\" rel=\"noopener\"><strong>Salomon Quicklace Kit<\/strong><\/a>. <strong>Ersatzschnallen<\/strong> und <strong>Bungee Cord<\/strong> in allen Farben und Varianten geh\u00f6ren selbstverst\u00e4ndlich zum Repertoire. F\u00fcr die richtige Reinigung gibt\u2019s mit dem <a href=\"https:\/\/www.tacwrk.com\/p\/hanwag-shoe-wax-100ml-25533\" target=\"_blank\" rel=\"noopener\"><strong>Hanwag Shoe Wax<\/strong><\/a> oder dem <a href=\"https:\/\/www.tacwrk.com\/p\/lowa-water-stop-13001\" target=\"_blank\" rel=\"noopener\"><strong>Lowa Water Stop<\/strong><\/a> genau das Richtige f\u00fcr trockene F\u00fc\u00dfe. F\u00fcr taktische Reparaturen unterwegs empfiehlt sich das Military Sewing Kit mit allen Basics f\u00fcr schnelle N\u00e4harbeiten.<\/p>\n<p>Alles f\u00fcr Reparatur und Pflege: Entdecke jetzt unsere <a href=\"https:\/\/www.tacwrk.com\/ausruestung\/tacwrk-collections\/repair-und-care\" target=\"_blank\" rel=\"noopener\"><strong>Repair &amp; Care Kategorie<\/strong><\/a> im Shop.<\/p>\n<div class=\"free align wp-block-btn-button\" id='btnButton-1' data-nonce='&quot;60ae5e5d02&quot;' data-attributes='{&quot;cPostId&quot;:6378,&quot;text&quot;:&quot;Zur Kategorie&quot;,&quot;url&quot;:&quot;https:\\\/\\\/www.tacwrk.com\\\/ausruestung\\\/tacwrk-collections\\\/repair-und-care&quot;,&quot;target&quot;:&quot;_blank&quot;,&quot;icon&quot;:{&quot;class&quot;:&quot;&quot;},&quot;alignment&quot;:&quot;left&quot;,&quot;typography&quot;:{&quot;fontSize&quot;:{&quot;desktop&quot;:16,&quot;tablet&quot;:16,&quot;mobile&quot;:16},&quot;fontWeight&quot;:400,&quot;textDecoration&quot;:&quot;none&quot;,&quot;isUploadFont&quot;:true,&quot;fontFamily&quot;:&quot;Roboto&quot;,&quot;fontCategory&quot;:&quot;sans-serif&quot;,&quot;fontVariant&quot;:400},&quot;colors&quot;:{&quot;color&quot;:&quot;#fff&quot;,&quot;bg&quot;:&quot;rgba(255, 0, 60, 1)&quot;},&quot;hovColors&quot;:{&quot;color&quot;:&quot;#fff&quot;,&quot;bg&quot;:&quot;rgba(255, 0, 60, 1)&quot;},&quot;align&quot;:&quot;&quot;,&quot;actionType&quot;:&quot;link&quot;,&quot;security&quot;:&quot;none&quot;,&quot;securityPassword&quot;:&quot;&quot;,&quot;tooltip&quot;:&quot;&quot;,&quot;tooltipPos&quot;:&quot;top&quot;,&quot;attrs&quot;:{&quot;rel&quot;:&quot;noreferrer&quot;,&quot;referrerpolicy&quot;:&quot;no-referrer&quot;},&quot;hideOn&quot;:{&quot;desktop&quot;:false,&quot;tablet&quot;:false,&quot;mobile&quot;:false},&quot;isDownload&quot;:false,&quot;downloadFileName&quot;:&quot;&quot;,&quot;isUpIcon&quot;:false,&quot;upIcon&quot;:{&quot;id&quot;:null,&quot;url&quot;:&quot;&quot;,&quot;alt&quot;:&quot;&quot;,&quot;title&quot;:&quot;&quot;},&quot;iconPos&quot;:&quot;left&quot;,&quot;type&quot;:&quot;flat&quot;,&quot;isFullWidth&quot;:false,&quot;size&quot;:&quot;medium&quot;,&quot;popup&quot;:{&quot;type&quot;:&quot;image&quot;,&quot;content&quot;:&quot;&quot;,&quot;caption&quot;:&quot;&quot;,&quot;width&quot;:&quot;&quot;},&quot;animationType&quot;:&quot;&quot;,&quot;animationDuration&quot;:0.4,&quot;addID&quot;:&quot;&quot;,&quot;addCSS&quot;:&quot;&quot;,&quot;padding&quot;:{&quot;vertical&quot;:&quot;12px&quot;,&quot;horizontal&quot;:&quot;24px&quot;},&quot;border&quot;:{&quot;radius&quot;:&quot;5px&quot;},&quot;shadow&quot;:[]}' data-info='{&quot;userRoles&quot;:[],&quot;loginURL&quot;:&quot;https:\\\/\\\/www.tacwrk.com\\\/blog\\\/wp-login.php&quot;}' data-pipecheck=''><\/div>\n<p>&nbsp;<\/p>\n<section class=\"cta-contact\">\n<h2 id=\"mcetoc_1ioumklin1\">Du hast Fragen oder Ideen zu Repair &amp; Care?<\/h2>\n<p>\nDu hast eine Idee, welchem Thema wir uns als N\u00e4chstes widmen sollten? Oder eine konkrete Anregung oder Frage? Dann schreib uns unten in die Kommentare \u2013 wir freuen uns auf dein Feedback!<\/p>\n<\/section>\n<section class=\"cta-follow\">\n<p>Bleib auf dem Laufenden: Folge uns auf <a href=\"https:\/\/www.instagram.com\/tacwrk\/\" target=\"_blank\" rel=\"noopener\"><strong>Instagram<\/strong><\/a> und <a href=\"https:\/\/www.youtube.com\/TACWRK\" target=\"_blank\" rel=\"noopener\"><strong>YouTube<\/strong><\/a>, damit du keine Tipps, Guides und Gear-Updates verpasst.<\/p>\n<\/section>\n","protected":false},"excerpt":{"rendered":"<p>Gear tells your story. So sehr wir selbst die neusten Gimmicks und Gear Picks lieben: Gute Typen erkennt man nicht am Neuesten vom Neuesten, sondern daran, wie achtsam sie mit<\/p>\n\t\t<div class=\"more-link-holder\">\n\t\t\t<a class=\"more-link ghost-button-link\" href=\"https:\/\/www.tacwrk.com\/blog\/jacken-impraegnieren-anleitung\/2025\/04\">Mehr lesen<\/a>\n\t\t<\/div>","protected":false},"author":7,"featured_media":6614,"parent":0,"menu_order":0,"comment_status":"open","ping_status":"closed","template":"","meta":{"_kadence_starter_templates_imported_post":false,"jetpack_post_was_ever_published":false,"footnotes":""},"class_list":["post-6284","page","type-page","status-publish","has-post-thumbnail","hentry"],"jetpack_sharing_enabled":true,"jetpack_shortlink":"https:\/\/wp.me\/P9sA6w-1Dm","_links":{"self":[{"href":"https:\/\/www.tacwrk.com\/blog\/wp-json\/wp\/v2\/pages\/6284","targetHints":{"allow":["GET"]}}],"collection":[{"href":"https:\/\/www.tacwrk.com\/blog\/wp-json\/wp\/v2\/pages"}],"about":[{"href":"https:\/\/www.tacwrk.com\/blog\/wp-json\/wp\/v2\/types\/page"}],"author":[{"embeddable":true,"href":"https:\/\/www.tacwrk.com\/blog\/wp-json\/wp\/v2\/users\/7"}],"replies":[{"embeddable":true,"href":"https:\/\/www.tacwrk.com\/blog\/wp-json\/wp\/v2\/comments?post=6284"}],"version-history":[{"count":122,"href":"https:\/\/www.tacwrk.com\/blog\/wp-json\/wp\/v2\/pages\/6284\/revisions"}],"predecessor-version":[{"id":6604,"href":"https:\/\/www.tacwrk.com\/blog\/wp-json\/wp\/v2\/pages\/6284\/revisions\/6604"}],"wp:featuredmedia":[{"embeddable":true,"href":"https:\/\/www.tacwrk.com\/blog\/wp-json\/wp\/v2\/media\/6614"}],"wp:attachment":[{"href":"https:\/\/www.tacwrk.com\/blog\/wp-json\/wp\/v2\/media?parent=6284"}],"curies":[{"name":"wp","href":"https:\/\/api.w.org\/{rel}","templated":true}]}}