{"id":23,"date":"2011-11-07T13:10:44","date_gmt":"2011-11-07T13:10:44","guid":{"rendered":"http:\/\/www.tacwrk.com\/blog\/?page_id=23"},"modified":"2018-02-08T10:50:23","modified_gmt":"2018-02-08T10:50:23","slug":"impressum","status":"publish","type":"page","link":"https:\/\/www.tacwrk.com\/blog\/impressum","title":{"rendered":"Impressum"},"content":{"rendered":"<p><strong>TACWRK GmbH<\/strong><br \/>\nWilhelminenhofstra\u00dfe 83-85<br \/>\nD-12459 Berlin<br \/>\nDeutschland<\/p>\n<p>Fon: 03053604246<br \/>\nFax: 03053604247<\/p>\n<p>E-Mail: info@tacwrk.com<br \/>\nInternet: www.tacwrk.com<\/p>\n<p>TACWRK GmbH wird vertreten durch: Gesch\u00e4ftsf\u00fchrer Benno Krewer<br \/>\nRegistergericht: Amtsgericht Charlottenburg<\/p>\n<p><strong>Handelsregister<\/strong><br \/>\nRegisternummer: HRB 135120 B<\/p>\n<p>Umsatzsteuer-Identifikationsnummer gem\u00e4\u00df \u00a7 27a Umsatzsteuergesetz: DE278026365<\/p>\n<p>Inhaltlich Verantwortlicher gem\u00e4\u00df \u00a7 55 Rundfunkstaatsvertrag:<br \/>\nBenno Krewer, TACWRK GmbH, Wilhelminenhofstra\u00dfe 83-85, 12459 Berlin<\/p>\n<p>Haftungshinweis: Trotz sorgf\u00e4ltiger inhaltlicher Kontrolle \u00fcbernehmen wir keine Haftung f\u00fcr die Inhalte externer Links. F\u00fcr den Inhalt der verlinkten Seiten sind ausschlie\u00dflich deren Betreiber verantwortlich.<\/p>\n","protected":false},"excerpt":{"rendered":"<p>TACWRK GmbH Wilhelminenhofstra\u00dfe 83-85 D-12459 Berlin Deutschland Fon: 03053604246 Fax: 03053604247 E-Mail: info@tacwrk.com Internet: www.tacwrk.com TACWRK GmbH wird vertreten durch: Gesch\u00e4ftsf\u00fchrer Benno Krewer Registergericht: Amtsgericht Charlottenburg Handelsregister Registernummer: HRB 135120<\/p>\n\t\t<div class=\"more-link-holder\">\n\t\t\t<a class=\"more-link ghost-button-link\" href=\"https:\/\/www.tacwrk.com\/blog\/impressum\">Mehr lesen<\/a>\n\t\t<\/div>","protected":false},"author":1,"featured_media":0,"parent":0,"menu_order":0,"comment_status":"closed","ping_status":"closed","template":"","meta":{"_kadence_starter_templates_imported_post":false,"jetpack_post_was_ever_published":false,"footnotes":""},"class_list":["post-23","page","type-page","status-publish","hentry"],"jetpack_sharing_enabled":true,"jetpack_shortlink":"https:\/\/wp.me\/P9sA6w-n","_links":{"self":[{"href":"https:\/\/www.tacwrk.com\/blog\/wp-json\/wp\/v2\/pages\/23","targetHints":{"allow":["GET"]}}],"collection":[{"href":"https:\/\/www.tacwrk.com\/blog\/wp-json\/wp\/v2\/pages"}],"about":[{"href":"https:\/\/www.tacwrk.com\/blog\/wp-json\/wp\/v2\/types\/page"}],"author":[{"embeddable":true,"href":"https:\/\/www.tacwrk.com\/blog\/wp-json\/wp\/v2\/users\/1"}],"replies":[{"embeddable":true,"href":"https:\/\/www.tacwrk.com\/blog\/wp-json\/wp\/v2\/comments?post=23"}],"version-history":[{"count":3,"href":"https:\/\/www.tacwrk.com\/blog\/wp-json\/wp\/v2\/pages\/23\/revisions"}],"predecessor-version":[{"id":2085,"href":"https:\/\/www.tacwrk.com\/blog\/wp-json\/wp\/v2\/pages\/23\/revisions\/2085"}],"wp:attachment":[{"href":"https:\/\/www.tacwrk.com\/blog\/wp-json\/wp\/v2\/media?parent=23"}],"curies":[{"name":"wp","href":"https:\/\/api.w.org\/{rel}","templated":true}]}}